{"id":3607,"date":"2020-08-28T11:00:25","date_gmt":"2020-08-28T08:00:25","guid":{"rendered":"https:\/\/aab-aa.com\/?page_id=3607"},"modified":"2021-02-03T16:10:36","modified_gmt":"2021-02-03T13:10:36","slug":"vacancies","status":"publish","type":"page","link":"https:\/\/aab-aa.com\/ca\/vacancies\/","title":{"rendered":"VACANTS"},"content":{"rendered":"<p>[vc_row content_width=&#8221;grid&#8221; content_aligment=&#8221;center&#8221; triangle_shape=&#8221;no&#8221; css=&#8221;.vc_custom_1600265591003{padding-top: 70px !important;padding-bottom: 10px !important;background-position: center !important;background-repeat: no-repeat !important;background-size: cover !important;}&#8221;][vc_column]<div class=\"mkd-separator-holder clearfix  mkd-separator-center mkd-separator-with-icon mkd-animate\" style=\"margin-top: 20px; margin-bottom: 30px\">\n\t<div class=\"mkd-separator\" style=\"border-color: #c18f59;border-style: solid;width: 97.5px\"><\/div>\n\t\t<div class=\"mkd-separator-icon\">\n\t\t\t                    <img loading=\"lazy\" decoding=\"async\" width=\"34\" height=\"23\" src=\"https:\/\/aab-aa.com\/wp-content\/uploads\/2015\/11\/h1-separator-custom-icon-1.png\" class=\"attachment-full size-full\" alt=\"a\" \/>\t\t\t\t\t\t<\/div>\n\t<div class=\"mkd-separator\" style=\"border-color: #c18f59;border-style: solid;width: 97.5px\"><\/div>\n<\/div>\n[vc_column_text]<\/p>\n<h1>Vols treballar <span style=\"color: #c18f59;\"> en el nostre equip <\/span> ?<\/h1>\n<p>[\/vc_column_text][vc_empty_space height=&#8221;23px&#8221;][vc_column_text]<\/p>\n<h3><span style=\"color: #222222;\">Si esteu preparats per treballar al nostre equip, envieu el vostre curr\u00edculum<\/span><\/h3>\n<p>[\/vc_column_text][\/vc_column][\/vc_row][vc_row content_width=&#8221;grid&#8221; content_aligment=&#8221;center&#8221; triangle_shape=&#8221;no&#8221; css=&#8221;.vc_custom_1600505975965{padding-top: 70px !important;padding-bottom: 45px !important;background-color: #f2f2f2 !important;}&#8221; el_id=&#8221;jobform&#8221;][vc_column width=&#8221;1\/4&#8243;][\/vc_column][vc_column width=&#8221;1\/2&#8243;]\n<div class=\"wpcf7 no-js\" id=\"wpcf7-f3660-o1\" lang=\"ca\" dir=\"ltr\">\n<div class=\"screen-reader-response\"><p role=\"status\" aria-live=\"polite\" aria-atomic=\"true\"><\/p> <ul><\/ul><\/div>\n<form action=\"\/ca\/wp-json\/wp\/v2\/pages\/3607#wpcf7-f3660-o1\" method=\"post\" class=\"wpcf7-form init\" aria-label=\"Formulari de contacte\" enctype=\"multipart\/form-data\" novalidate=\"novalidate\" data-status=\"init\">\n<div style=\"display: none;\">\n<input type=\"hidden\" name=\"_wpcf7\" value=\"3660\" \/>\n<input type=\"hidden\" name=\"_wpcf7_version\" value=\"5.7.7\" \/>\n<input type=\"hidden\" name=\"_wpcf7_locale\" value=\"ca\" \/>\n<input type=\"hidden\" name=\"_wpcf7_unit_tag\" value=\"wpcf7-f3660-o1\" \/>\n<input type=\"hidden\" name=\"_wpcf7_container_post\" value=\"0\" \/>\n<input type=\"hidden\" name=\"_wpcf7_posted_data_hash\" value=\"\" \/>\n<input type=\"hidden\" name=\"_wpcf7cf_hidden_group_fields\" value=\"[]\" \/>\n<input type=\"hidden\" name=\"_wpcf7cf_hidden_groups\" value=\"[]\" \/>\n<input type=\"hidden\" name=\"_wpcf7cf_visible_groups\" value=\"[]\" \/>\n<input type=\"hidden\" name=\"_wpcf7cf_repeaters\" value=\"[]\" \/>\n<input type=\"hidden\" name=\"_wpcf7cf_steps\" value=\"{}\" \/>\n<input type=\"hidden\" name=\"_wpcf7cf_options\" value=\"{&quot;form_id&quot;:3660,&quot;conditions&quot;:[],&quot;settings&quot;:{&quot;animation&quot;:&quot;yes&quot;,&quot;animation_intime&quot;:200,&quot;animation_outtime&quot;:200,&quot;conditions_ui&quot;:&quot;normal&quot;,&quot;notice_dismissed&quot;:false}}\" \/>\n<input type=\"hidden\" name=\"_wpcf7_recaptcha_response\" value=\"\" \/>\n<\/div>\n<!---------- Datos basicos ------->\n<!--DIV GLOBAL-->\n<div class=\"col-md-12\">\n<div class=\"core-content\">\n<!--<h2 style=\"text-align: center;\">Datos basicos<\/h2>-->\n<p style=\"text-align: center;\">Introdu\u00efu les vostres dades personals i contactes per a la comunicaci\u00f3.<br><br><\/p>\n<\/div>\n<\/div>\n<div class=\"form-group floating-placeholder\">\n<label for=\"nameinput\"> <strong> Nom *  <\/strong><\/label> <span class=\"wpcf7-form-control-wrap\" data-name=\"user-form-name\"><input size=\"40\" class=\"wpcf7-form-control wpcf7-text wpcf7-validates-as-required form-control\" id=\"nameinput\" aria-required=\"true\" aria-invalid=\"false\" value=\"\" type=\"text\" name=\"user-form-name\" \/><\/span>\n<\/div>\n<div class=\"form-group floating-placeholder\">\n<label for=\"firstinput\">  <strong> Cognom *  <\/strong><\/label> <span class=\"wpcf7-form-control-wrap\" data-name=\"first-name\"><input size=\"40\" class=\"wpcf7-form-control wpcf7-text wpcf7-validates-as-required form-control\" id=\"firstinput\" aria-required=\"true\" aria-invalid=\"false\" value=\"\" type=\"text\" name=\"first-name\" \/><\/span>\n<\/div>\n<div class=\"form-group floating-placeholder\">\n<label for=\"phone\">  <strong> Tel\u00e8fon*  <\/strong><\/label><span class=\"wpcf7-form-control-wrap\" data-name=\"phone\"><input size=\"40\" class=\"wpcf7-form-control wpcf7-text wpcf7-validates-as-required form-control\" id=\"phone\" aria-required=\"true\" aria-invalid=\"false\" value=\"\" type=\"text\" name=\"phone\" \/><\/span>\n<\/div>\n<div class=\"form-group floating-placeholder\">\n<label for=\"emailinput\">  <strong> E-mail *  <\/strong><\/label> <span class=\"wpcf7-form-control-wrap\" data-name=\"user-form-mail\"><input size=\"40\" class=\"wpcf7-form-control wpcf7-text wpcf7-email wpcf7-validates-as-required wpcf7-validates-as-email form-control\" id=\"emailinput\" aria-required=\"true\" aria-invalid=\"false\" value=\"\" type=\"email\" name=\"user-form-mail\" \/><\/span>\n<\/div>\n\n\n<!-- Info About -->\n<div class=\"col-md-12\" style=\"background:#f2f2f2; padding: 20px;\">\n<p style=\"text-align: center;\"><strong> Com ens has conegut? <\/strong><\/p>\n<div class=\"form-group floating-placeholder\" style=\"text-align: center;\"> <span class=\"wpcf7-form-control-wrap\" data-name=\"info-about\"><span class=\"wpcf7-form-control wpcf7-checkbox wpcf7-exclusive-checkbox\"><span class=\"wpcf7-list-item first\"><input type=\"checkbox\" name=\"info-about\" value=\"Per consell d&#039;amics\" \/><span class=\"wpcf7-list-item-label\">Per consell d&#039;amics<\/span><\/span><span class=\"wpcf7-list-item\"><input type=\"checkbox\" name=\"info-about\" value=\"Trobat al cat\u00e0leg\" \/><span class=\"wpcf7-list-item-label\">Trobat al cat\u00e0leg<\/span><\/span><span class=\"wpcf7-list-item\"><input type=\"checkbox\" name=\"info-about\" value=\"Trobat a Internet\" \/><span class=\"wpcf7-list-item-label\">Trobat a Internet<\/span><\/span><span class=\"wpcf7-list-item\"><input type=\"checkbox\" name=\"info-about\" value=\"Publicitat\" \/><span class=\"wpcf7-list-item-label\">Publicitat<\/span><\/span><span class=\"wpcf7-list-item last\"><input type=\"checkbox\" name=\"info-about\" value=\"Va ser el vostre client\" \/><span class=\"wpcf7-list-item-label\">Va ser el vostre client<\/span><\/span><\/span><\/span>\n<\/div>\n<\/div>\n\n<!-- Add file resume in email -->\n<div class=\"col-md-12\">\n<div class=\"core-content\" style=\"text-align: center;\">\n<h4 style=\"text-align: center;\">Per afegir un fitxer<\/h4>\n<p style=\"text-align: center;\">Teniu un fitxer de curr\u00edculum preparat?<\/p>\n<\/div>\n\n<div class=\"core-content\" style=\"text-align: center;\"><span class=\"wpcf7-form-control-wrap\" data-name=\"fileattach\"><input size=\"40\" class=\"wpcf7-form-control wpcf7-file\" accept=\".pdf,.txt,.doc,.docs\" aria-invalid=\"false\" type=\"file\" name=\"fileattach\" \/><\/span>\n<hr class=\"corpo\">\n<p style=\"text-align: center; font-size:10px;\">Format de fitxer v\u00e0lid: pdf | txt | doc | docs - amb un volum de fitxer no superior a 2 MB.<\/p>\n<\/div>\n<br><br>\n    \n<!-- Personal data info protection -->\n<div class=\"col-md-12\">\n<!--<div class=\"core-content\" style=\"text-align: center;\">-->\n<div class=\"col-md-6\">\n<h3 style=\"text-align: center;\"><strong>INFORMACI\u00d3 B\u00c0SICA DE PROTECCI\u00d3 DE DADES<\/strong><\/h3>\n<p style=\"text-align: left; font-size:10px;\"><strong>Responsabilitat de seguretat:<\/strong> Aynes & Abril Collegi d\u2019Advocats + info.<\/p>\n<p style=\"text-align: left; font-size:10px;\"><strong>Objectiu: <\/strong> avaluar la candidatura i gestionar la participaci\u00f3 en els processos de selecci\u00f3 + informaci\u00f3.\n<p style=\"text-align: left; font-size:10px;\"><strong>Legalitat: <\/strong> consentiment proporcionat marcant la casella proporcionada en aquest formulari + informaci\u00f3.\n<p style=\"text-align: left; font-size:10px;\"><strong>Destinatari: <\/strong> Visitants d'aquest lloc Aynes & Abril Advocats Associats.\n<p style=\"text-align: left; font-size:10px;\"><strong>Dret: <\/strong> tots els drets reconeguts a la normativa de protecci\u00f3 de dades i \/ o retirada del consentiment, detallats a la Pol\u00edtica de privadesa.\n<p style=\"text-align: left; font-size:10px;\"><strong>Informaci\u00f3 addicional: <\/strong> Podeu trobar informaci\u00f3 addicional sobre protecci\u00f3 de dades <a href=\"https:\/\/aab-aa.com\/ca\/privacy-policy\/\"> aqu\u00ed <\/a>\n<\/div>\n\n<!--<div class=\"col-md-12\" style=\"padding:5px;\">-->\n<div class=\"col-md-6\">\n<div class=\"core-content\" style=\"text-align: center; padding:20px;\"> <span class=\"wpcf7-form-control-wrap\" data-name=\"accept-form\"><span class=\"wpcf7-form-control wpcf7-acceptance\"><span class=\"wpcf7-list-item\"><label><input type=\"checkbox\" name=\"accept-form\" value=\"1\" aria-invalid=\"false\" \/><span class=\"wpcf7-list-item-label\">Accepto la pol\u00edtica de privadesa<\/span><\/label><\/span><\/span><\/span>\n<span class=\"wpcf7-form-control-wrap\" data-name=\"subscribe-future\"><span class=\"wpcf7-form-control wpcf7-checkbox\"><span class=\"wpcf7-list-item first last\"><input type=\"checkbox\" name=\"subscribe-future[]\" value=\"Vull rebre missatges\" \/><span class=\"wpcf7-list-item-label\">Vull rebre missatges<\/span><\/span><\/span><\/span> <\/div>\n<\/div>\n<\/div>\n    \n<div class=\"col-md-12\" style=\"padding:30px;\">\n<div class=\"core-content\" style=\"text-align: center;\"> <p style=\"text-align: center; font-size:10px;\"> Estic interessat en rebre el butllet\u00ed informatiu de la firma i altres comunicacions comercials electr\u00f2niques peri\u00f2diques sobre informaci\u00f3, activitats, not\u00edcies, esdeveniments i not\u00edcies relacionades amb la firma o el sector legal que puguin ser d\u2019inter\u00e8s per a l\u2019usuari. + Informaci\u00f3<\/p><\/div>\n<div class=\"core-content\" style=\"text-align: center;\">\n<p style = \"float: center\"> <input class=\"wpcf7-form-control has-spinner wpcf7-submit btn btn-corpo full-gold\" type=\"submit\" value=\"ENVIAR\" \/> <\/p>\n<\/div>\n<\/div>\n<\/div><div class=\"wpcf7-response-output\" aria-hidden=\"true\"><\/div>\n<\/form>\n<\/div>\n[vc_empty_space height=&#8221;27px&#8221;][\/vc_column][vc_column width=&#8221;1\/4&#8243;][\/vc_column][\/vc_row]<\/p>\n","protected":false},"excerpt":{"rendered":"<p>[vc_row content_width=&#8221;grid&#8221; content_aligment=&#8221;center&#8221; triangle_shape=&#8221;no&#8221; css=&#8221;.vc_custom_1600265591003{padding-top: 70px !important;padding-bottom: 10px !important;background-position: center !important;background-repeat: no-repeat !important;background-size: cover !important;}&#8221;][vc_column][vc_column_text] Vols treballar en el nostre equip ? [\/vc_column_text][vc_empty_space height=&#8221;23px&#8221;][vc_column_text] Si esteu preparats per treballar al nostre equip, envieu el vostre curr\u00edculum [\/vc_column_text][\/vc_column][\/vc_row][vc_row content_width=&#8221;grid&#8221; content_aligment=&#8221;center&#8221; triangle_shape=&#8221;no&#8221; css=&#8221;.vc_custom_1600505975965{padding-top: 70px !important;padding-bottom: 45px !important;background-color: #f2f2f2 !important;}&#8221; el_id=&#8221;jobform&#8221;][vc_column width=&#8221;1\/4&#8243;][\/vc_column][vc_column width=&#8221;1\/2&#8243;][vc_empty_space height=&#8221;27px&#8221;][\/vc_column][vc_column width=&#8221;1\/4&#8243;][\/vc_column][\/vc_row]<\/p>\n","protected":false},"author":1,"featured_media":0,"parent":0,"menu_order":0,"comment_status":"closed","ping_status":"closed","template":"full-width.php","meta":{"footnotes":""},"class_list":["post-3607","page","type-page","status-publish","hentry"],"_links":{"self":[{"href":"https:\/\/aab-aa.com\/ca\/wp-json\/wp\/v2\/pages\/3607","targetHints":{"allow":["GET"]}}],"collection":[{"href":"https:\/\/aab-aa.com\/ca\/wp-json\/wp\/v2\/pages"}],"about":[{"href":"https:\/\/aab-aa.com\/ca\/wp-json\/wp\/v2\/types\/page"}],"author":[{"embeddable":true,"href":"https:\/\/aab-aa.com\/ca\/wp-json\/wp\/v2\/users\/1"}],"replies":[{"embeddable":true,"href":"https:\/\/aab-aa.com\/ca\/wp-json\/wp\/v2\/comments?post=3607"}],"version-history":[{"count":0,"href":"https:\/\/aab-aa.com\/ca\/wp-json\/wp\/v2\/pages\/3607\/revisions"}],"wp:attachment":[{"href":"https:\/\/aab-aa.com\/ca\/wp-json\/wp\/v2\/media?parent=3607"}],"curies":[{"name":"wp","href":"https:\/\/api.w.org\/{rel}","templated":true}]}}