{"id":904,"date":"2020-01-11T10:08:43","date_gmt":"2020-01-11T07:08:43","guid":{"rendered":"http:\/\/libero.mikado-themes.com\/?page_id=904"},"modified":"2021-02-11T18:02:46","modified_gmt":"2021-02-11T15:02:46","slug":"faq","status":"publish","type":"page","link":"https:\/\/aab-aa.com\/ca\/faq\/","title":{"rendered":"FAQ"},"content":{"rendered":"<p>[vc_row triangle_shape=&#8221;no&#8221; css=&#8221;.vc_custom_1447840032119{padding-bottom: 28px !important;}&#8221;][vc_column]\n\n\t<div class=\"mkd-call-to-action with-icon\" >\n\n\t\t\t\t\t<div class=\"mkd-call-to-action-row-66-33 clearfix\" style=\"padding: 2%;\">\n\t\t\n\t\t\t\t<div class=\"mkd-text-wrapper mkd-call-to-action-column1 mkd-call-to-action-cell\">\n\n\t\t\t\t\t\t\t\t\t<div class=\"mkd-call-to-action-icon-holder\">\n\t\t\t\t\t\t<div class=\"mkd-call-to-action-icon\">\n\t\t\t\t\t\t\t<div class=\"mkd-call-to-action-icon-inner\">\n\t\t\t\t\t\t\t\t<i class=\"mkd-icon-simple-line-icon icon-speech \" style=\"\" ><\/i>\t\t\t\t\t\t\t<\/div>\n\t\t\t\t\t\t<\/div>\n\t\t\t\t\t<\/div>\n\t\t\t\t\n\t\t\t\t\t<div class=\"mkd-call-to-action-text\" >\n\t\t\t\t\t\t<h3><span style=\"color: #222222;\">PREGUNTES FREQ\u00dcENTS<\/span><\/h3>\n\t\t\t\t\t<\/div>\n\n\t\t\t\t<\/div>\n\n\t\t\t\t\n\t\t\t\t\t<div class=\"mkd-button-wrapper mkd-call-to-action-column2 mkd-call-to-action-cell\" style =\"text-align: right ;\">\n\n\t\t\t\t\t\t<a href=\"#\" target=\"_self\" style=\"background-color: #3e475d\" class=\"mkd-btn mkd-btn-medium mkd-btn-solid mkd-btn-icon\"  >    <span class=\"mkd-btn-text\"  >Feu la vostra pregunta<\/span><span class=\"mkd-btn-icon-holder\">            <span aria-hidden=\"true\" class=\"mkd-icon-font-elegant arrow_carrot-right mkd-btn-icon-elem\" ><\/span>            <span aria-hidden=\"true\" class=\"mkd-icon-font-elegant arrow_carrot-right mkd-btn-icon-elem\" ><\/span>        <\/span>    <\/a>\n\t\t\t\t\t<\/div>\n\n\t\t\t\t\n\t\t\t<\/div>\n\n\t\t\n\t<\/div>\n\n[\/vc_column][\/vc_row][vc_row triangle_shape=&#8221;no&#8221;][vc_column]<div class=\"cq-accordion \" style=\"width:100%;\" data-displayfirst=\"\"><ul><li><input type=\"checkbox\" checked><i class=\"\"><\/i><h4 style=\"color:#474747;font-size:13px;padding:18px 0px 18px 0px;\">Puc obtenir una autoritzaci\u00f3 de resid\u00e8ncia d'inversor si estic a Espanya?<\/h4><div class=\"accordion-content\" style=\"background-color:;color:#828282;font-size:;\"><strong>Podeu obtenir la seva autoritzaci\u00f3 d&#8217;inversor de dues formes:<\/strong><\/p>\n<p>1. Si es troba fora d&#8217;Espanya pot sollicitar al consolat del seu pa\u00eds de resid\u00e8ncia visat d&#8217;inversor, que li permetr\u00e0 residir a Espanya fins a un any. Durant aquest per\u00edode podr\u00e0 sollicitar l&#8217;autoritzaci\u00f3 de resid\u00e8ncia d&#8217;inversor.<\/p>\n<p>2. Si ja es troba a Espanya de forma regular (en una estada de curta durada o com a titular d&#8217;una autoritzaci\u00f3 d&#8217;estada per estudis o de resid\u00e8ncia) pot sollicitar directament l&#8217;autoritzaci\u00f3 de resid\u00e8ncia davant la Unitat de Grans Empreses, sense necessitat de tramitar pr\u00e8viament el visat d&#8217;inversor.<\/div><\/li><li><input type=\"checkbox\" checked><i class=\"\"><\/i><h4 style=\"color:#474747;font-size:13px;padding:18px 0px 18px 0px;\">Si se sollicita autoritzaci\u00f3 de resid\u00e8ncia per a familiars, \u00bfcal invertir les quantitats que exigeix la Llei 14\/2013 (500.000 \u20ac en immobles, 1 mili\u00f3 en accions, participacions o dip\u00f2sits) per cada un dels familiars?<\/h4><div class=\"accordion-content\" style=\"background-color:;color:#828282;font-size:;\"><strong>No es requereix una inversi\u00f3 addicional per cada membre de la fam\u00edlia.<\/strong><\/p>\n<p>Aquesta autoritzaci\u00f3 dep\u00e8n de la de l&#8217;inversor i per obtenir-la ha d&#8217;acreditar que compleix els requisits generals, entre ells, que l&#8217;inversor disposa de recursos econ\u00f2mics per a la seva fam\u00edlia, aix\u00ed com l&#8217;asseguran\u00e7a metge corresponent.<br \/>\nA tall que per exemple, si un matrimoni adquireix un immoble de 1.000.000 \u20ac, tots dos c\u00f2njuges podran obtenir un visat d&#8217;inversor. Si l&#8217;immoble t\u00e9 un valor de 500.000 \u20ac, el comprador podr\u00e0 obtenir el visat d&#8217;inversor i el seu c\u00f2njuge com a familiar com familiar.<br \/>\n<\/div><\/li><li><input type=\"checkbox\" checked><i class=\"\"><\/i><h4 style=\"color:#474747;font-size:13px;padding:18px 0px 18px 0px;\">Pot realitzar-se la inversi\u00f3 a trav\u00e9s de persona jur\u00eddica?<\/h4><div class=\"accordion-content\" style=\"background-color:;color:#828282;font-size:;\">Si, sempre que aquest domiciliada en un territori que no tingui la condici\u00f3 de parad\u00eds fiscal d&#8217;acord amb la normativa espanyola, si el sollicitant ha de tenir la majoria dels seus drets de vot i tenir la facultat de nomenar i destituir la majoria dels membres del seu \u00f2rgan d&#8217;administraci\u00f3.<\/div><\/li><li><input type=\"checkbox\" checked><i class=\"\"><\/i><h4 style=\"color:#474747;font-size:13px;padding:18px 0px 18px 0px;\">Quina documentaci\u00f3 concreta he de presentar per obtenir l'autoritzaci\u00f3 de resid\u00e8ncia a Espanya?<\/h4><div class=\"accordion-content\" style=\"background-color:;color:#828282;font-size:;\">S&#8217;han d&#8217;acreditar els requisits generals i els espec\u00edfics establerts per a cada tipus d&#8217;autoritzaci\u00f3. Pot consultar el llistat de la documentaci\u00f3 a presentar en aquest enlla\u00e7 segons el tipus de l&#8217;autoritzaci\u00f3:<\/p>\n<p><a href=\"http:\/\/extranjeros.inclusion.gob.es\/es\/InformacionInteres\/index.html\" target=\"_blank\" rel=\"noopener\">Seguiu l\u2019enlla\u00e7<\/a><\/div><\/li><li><input type=\"checkbox\" checked><i class=\"\"><\/i><h4 style=\"color:#474747;font-size:13px;padding:18px 0px 18px 0px;\">\u00bfEls titulars d'un visat d'inversi\u00f3 poden entrar a qualsevol Estat de la Uni\u00f3 Europea? Poden fer-ho m\u00e9s d'una vegada?<\/h4><div class=\"accordion-content\" style=\"background-color:;color:#828282;font-size:;\">Els estrangers titulars d&#8217;un visat de llarga durada o d&#8217;un perm\u00eds de resid\u00e8ncia expedit per un dels estats membres podran, a l&#8217;empara de l&#8217;esmentat perm\u00eds i d&#8217;un document de viatge v\u00e0lid, circular lliurement durant tres mesos com a m\u00e0xim, en qualsevol per\u00edode de sis mesos, pel territori dels altres estats membres.<\/div><\/li><li><input type=\"checkbox\" checked><i class=\"\"><\/i><h4 style=\"color:#474747;font-size:13px;padding:18px 0px 18px 0px;\">Qui \u00e9s el sollicitant de cada autoritzaci\u00f3 i qui pot presentar la sollicitud?<\/h4><div class=\"accordion-content\" style=\"background-color:;color:#828282;font-size:;\"><strong>El sollicitant, segons el tipus d&#8217;autoritzaci\u00f3, pot ser:<\/strong><\/p>\n<p>Autoritzacions inicials<\/p>\n<ul>\n<li style=\"list-style-type: none;\">\n<ul>\n<li>En el cas d&#8217;inversors i emprenedors, el mateix estranger<\/li>\n<li>En autoritzacions per a professionals altament qualificats, investigadors o trasllat intraempesarial, l&#8217;empresa o entitat que requereix els serveis de l&#8217;estranger<\/li>\n<\/ul>\n<\/li>\n<\/ul>\n<p>En autoritzacions de familiars:<\/p>\n<ul>\n<li style=\"list-style-type: none;\">\n<ul>\n<li>Si la sol\u00b7licitud es presenta conjuntament amb la de titular, ser\u00e0 el titular (en el cas d&#8217;inversors i emprenedors) o l&#8217;empresa o entitat (en el cas de professionals altament classificats, investigadors o trasllat intraempresarial).<\/li>\n<li>Si la sol\u00b7licitud es presenta en un altre moment podr\u00e0 ser un dels anteriors o b\u00e9 el propi familiar.<\/li>\n<li>Les renovacions es presenten pel mateix estranger titular de l&#8217;autoritzaci\u00f3 (els familiars demanen la renovaci\u00f3 de la seva pr\u00f2pia autoritzaci\u00f3)<\/li>\n<\/ul>\n<\/li>\n<\/ul>\n<p>Les sol\u00b7licitant les pot presentar el propi sol\u00b7licitant o mitjan\u00e7ant un representant.<\/div><\/li><li><input type=\"checkbox\" checked><i class=\"\"><\/i><h4 style=\"color:#474747;font-size:13px;padding:18px 0px 18px 0px;\">Com es tramita la targeta d'identitat d'estranger (TIE)?<\/h4><div class=\"accordion-content\" style=\"background-color:;color:#828282;font-size:;\">Els estrangers als quals s&#8217;hagi expedit un visat de resid\u00e8ncia a l&#8217;empara d&#8217;aquesta norma poden romandre a Espanya per un per\u00edode d&#8217;un any autoritzant la resid\u00e8ncia del seu titular a Espanya sense necessitat de tramitar la targeta d&#8217;identitat d&#8217;estranger.<\/p>\n<p>No obstant aix\u00f2, els que obtinguin una autoritzaci\u00f3 de resid\u00e8ncia a l&#8217;empara de la Llei 14\/2013 han de sollicitar personalment la targeta d&#8217;identitat d&#8217;estranger. En la resoluci\u00f3 de concessi\u00f3 de l&#8217;autoritzaci\u00f3 s&#8217;indica el procediment, documentaci\u00f3 i on pot sollicitar-se.<\/div><\/li><li><input type=\"checkbox\" checked><i class=\"\"><\/i><h4 style=\"color:#474747;font-size:13px;padding:18px 0px 18px 0px;\">He de presentar c\u00f2pies i originals?<\/h4><div class=\"accordion-content\" style=\"background-color:;color:#828282;font-size:;\">Quan de present la sollicitud personalment, ha de portar original i c\u00f2pia. Si el present en un registre p\u00fablic, ha de portar original i c\u00f2pia i remetre \u00fanicament c\u00f2pia compulsada.<\/div><\/li><li><input type=\"checkbox\" checked><i class=\"\"><\/i><h4 style=\"color:#474747;font-size:13px;padding:18px 0px 18px 0px;\">On puc trobar models de sol\u2022licituds?<\/h4><div class=\"accordion-content\" style=\"background-color:;color:#828282;font-size:;\">Trobareu els models de sol\u2022licitud d&#8217;autoritzaci\u00f3 de resid\u00e8ncia en aquest enlla\u00e7:<\/p>\n<p><a href=\"http:\/\/extranjeros.inclusion.gob.es\/es\/ModelosSolicitudes\/ley_14_2013\/index.html\" target=\"_blank\" rel=\"noopener\">Seguiu l\u2019enlla\u00e7<\/a><\/div><\/li><li><input type=\"checkbox\" checked><i class=\"\"><\/i><h4 style=\"color:#474747;font-size:13px;padding:18px 0px 18px 0px;\">Poden els familiars treballar amb la seva autoritzaci\u00f3 de resid\u00e8ncia?<\/h4><div class=\"accordion-content\" style=\"background-color:;color:#828282;font-size:;\">S\u00ed. L&#8217;disposici\u00f3 addicional quarta de la Llei 14\/2013 estableix que les autoritats de resid\u00e8ncia autoritzen a residir i treballar (tant per compte ali\u00e8 com per compte propi)<\/div><\/li><li><input type=\"checkbox\" checked><i class=\"\"><\/i><h4 style=\"color:#474747;font-size:13px;padding:18px 0px 18px 0px;\">Qu\u00e8 s'ent\u00e9n per segur p\u00fablic o privat?<\/h4><div class=\"accordion-content\" style=\"background-color:;color:#828282;font-size:;\">Durant la seva resid\u00e8ncia a Espanya l&#8217;estranger ha de tenir la cobertura, b\u00e9 de la sanitat p\u00fablica o b\u00e9 de la una asseguran\u00e7a privada.<\/p>\n<p>No s&#8217;exigeix acreditar segur quan hi ha la perspectiva que l&#8217;estranger (aix\u00ed com els seus familiars) va ser assegurat de el Sistema Nacional de Salut, per donar-se d&#8217;alta al Seguretat Social com a conseq\u00fc\u00e8ncia de l&#8217;contracte laboral o una relaci\u00f3 professional.<\/p>\n<p>En el cas dels emprenedors, si no es va a posar en marxa l&#8217;activitat amb car\u00e0cter immediat, s&#8217;accepten assegurances amb una vig\u00e8ncia limitada (per exemple assegurances de viatge, que solen tenir una vig\u00e8ncia de tres mesos.<\/p>\n<p>En la resta de casos s&#8217;ha de comptar amb una asseguran\u00e7a p\u00fablica privada de malaltia concretat amb una entitat asseguradora autoritzada per operar a Espanya, per a una cobertura equivalent a la del Sistema Nacional de Salut i per la durada de la seva autoritzaci\u00f3 o al menys d&#8217;un any prorrogable (no s\u00f3n v\u00e0lids assegurances de viatge).<\/div><\/li><li><input type=\"checkbox\" checked><i class=\"\"><\/i><h4 style=\"color:#474747;font-size:13px;padding:18px 0px 18px 0px;\">Com puc acreditar disposar de mitjans econ\u00f2mics?<\/h4><div class=\"accordion-content\" style=\"background-color:;color:#828282;font-size:;\">La llei no estableix un import econ\u00f2mic ni una documentaci\u00f3 concreta. Per tant podr\u00e0 acreditar que disposa de mitjans econ\u00f2mics per qualsevol mitj\u00e0 de prova adm\u00e8s en Dret. Per exemple, amb l&#8217;oferta de contracte de treball, n\u00f2mines, el saldo mitj\u00e0 anual actualitzat de comptes bancaris, dip\u00f2sits, etc.<\/div><\/li><li><input type=\"checkbox\" checked><i class=\"\"><\/i><h4 style=\"color:#474747;font-size:13px;padding:18px 0px 18px 0px;\">\u00c9s necessari presentar els documents estrangers tradu\u00efts i legalitzats?<\/h4><div class=\"accordion-content\" style=\"background-color:;color:#828282;font-size:;\">Tots els documents han d&#8217;estar tradu\u00efts a l&#8217;castell\u00e0. En el cas de documents p\u00fablics estrangers hauran, a m\u00e9s de portar la postilla de el Conveni de la Haia.<\/div><\/li><li><input type=\"checkbox\" checked><i class=\"\"><\/i><h4 style=\"color:#474747;font-size:13px;padding:18px 0px 18px 0px;\">Quins requisits cal complir per renovar l'autoritzaci\u00f3?<\/h4><div class=\"accordion-content\" style=\"background-color:;color:#828282;font-size:;\">L&#8217;autoritzaci\u00f3 inicial i les renovacions es concediran per dos anys o per la durada de la relaci\u00f3 laboral o professional si no es tracta d&#8217;un contracte indefinit i la seva durada \u00e9s inferior. En el cas d&#8217;inversors, la renovaci\u00f3 ser\u00e0 per per\u00edodes de cinc anys.<\/p>\n<p>Per renovar l&#8217;autoritzaci\u00f3 cal haver mantingut les condicions que van donar origen a l&#8217;autoritzaci\u00f3. \u00c9s a dir:<\/p>\n<ul>\n<li>En el cas d&#8217;inversors cal haver mantingut la inversi\u00f3 inicial<\/li>\n<li>En el cas d&#8217;emprenedors s&#8217;ha d&#8217;haver mantingut el projecte en els termes en qu\u00e8 es va estimar que era un projecte d&#8217;inter\u00e8s general<\/li>\n<li>En el cas de professionals altament qualificats, investigadors i trasllat intraempresarial s&#8217;ha de mantenir la relaci\u00f3 laboral o professional.<\/li>\n<li>En el cas dels familiars, podran renovar la seva autoritzaci\u00f3 si l&#8217;estranger que els d\u00f3na dret renova la seva i es mant\u00e9, en el cas dels ascendents i fills majors de 18 anys, la depend\u00e8ncia econ\u00f2mica.<\/li>\n<\/ul>\n<p><\/div><\/li><\/ul><\/div>[\/vc_column][\/vc_row][vc_row triangle_shape=&#8221;no&#8221;][vc_column][vc_empty_space][\/vc_column][\/vc_row]<\/p>\n","protected":false},"excerpt":{"rendered":"<p>[vc_row triangle_shape=&#8221;no&#8221; css=&#8221;.vc_custom_1447840032119{padding-bottom: 28px !important;}&#8221;][vc_column][\/vc_column][\/vc_row][vc_row triangle_shape=&#8221;no&#8221;][vc_column][\/vc_column][\/vc_row][vc_row triangle_shape=&#8221;no&#8221;][vc_column][vc_empty_space][\/vc_column][\/vc_row]<\/p>\n","protected":false},"author":1,"featured_media":0,"parent":0,"menu_order":0,"comment_status":"closed","ping_status":"closed","template":"","meta":{"footnotes":""},"class_list":["post-904","page","type-page","status-publish","hentry"],"_links":{"self":[{"href":"https:\/\/aab-aa.com\/ca\/wp-json\/wp\/v2\/pages\/904","targetHints":{"allow":["GET"]}}],"collection":[{"href":"https:\/\/aab-aa.com\/ca\/wp-json\/wp\/v2\/pages"}],"about":[{"href":"https:\/\/aab-aa.com\/ca\/wp-json\/wp\/v2\/types\/page"}],"author":[{"embeddable":true,"href":"https:\/\/aab-aa.com\/ca\/wp-json\/wp\/v2\/users\/1"}],"replies":[{"embeddable":true,"href":"https:\/\/aab-aa.com\/ca\/wp-json\/wp\/v2\/comments?post=904"}],"version-history":[{"count":0,"href":"https:\/\/aab-aa.com\/ca\/wp-json\/wp\/v2\/pages\/904\/revisions"}],"wp:attachment":[{"href":"https:\/\/aab-aa.com\/ca\/wp-json\/wp\/v2\/media?parent=904"}],"curies":[{"name":"wp","href":"https:\/\/api.w.org\/{rel}","templated":true}]}}