{"id":3348,"date":"2020-05-28T11:00:25","date_gmt":"2020-05-28T08:00:25","guid":{"rendered":"https:\/\/aab-aa.com\/?page_id=3348"},"modified":"2021-01-26T12:27:30","modified_gmt":"2021-01-26T09:27:30","slug":"albert-aynes-aubia","status":"publish","type":"page","link":"https:\/\/aab-aa.com\/es\/about\/albert-aynes-aubia\/","title":{"rendered":"ALBERT AYN\u00c9S AUBIA"},"content":{"rendered":"<p>[vc_row content_width=\u00bbgrid\u00bb content_aligment=\u00bbcenter\u00bb triangle_shape=\u00bbno\u00bb css=\u00bb.vc_custom_1591033112431{padding-top: 70px !important;padding-bottom: 10px !important;background-image: url(https:\/\/aab-aa.com\/wp-content\/uploads\/2020\/06\/albert-background.jpg?id=3356) !important;background-position: center !important;background-repeat: no-repeat !important;background-size: cover !important;}\u00bb][vc_column width=\u00bb1\/2&#8243;]\n<div class=\"mkd-team more-info-shown\">\n\t<div class=\"mkd-team-inner\">\n\t\t\t\t\t<div class=\"mkd-team-image\">\n                <img loading=\"lazy\" decoding=\"async\" width=\"385\" height=\"357\" src=\"https:\/\/aab-aa.com\/wp-content\/uploads\/2020\/01\/albert.png\" class=\"attachment-full size-full\" alt=\"\" srcset=\"https:\/\/aab-aa.com\/wp-content\/uploads\/2020\/01\/albert.png 385w, https:\/\/aab-aa.com\/wp-content\/uploads\/2020\/01\/albert-300x278.png 300w\" sizes=\"auto, (max-width: 385px) 100vw, 385px\" \/>\t\t\t<\/div>\n\t\t\n\t\t\t\t<div class=\"mkd-team-info\">\n\t\t\t\t\t\t\t<div class=\"mkd-team-title-holder\">\n\t\t\t\t\t\t\t\t\t\t\t<h4 class=\"mkd-team-name\" >\n\t\t\t\t\t\t\tALBERT AYN\u00c9S AUBIA\t\t\t\t\t\t<\/h4>\n\t\t\t\t\t\t\t\t\t\t\t\t\t\t\t\t<h5 class=\"mkd-team-position\" style=\"color: #ffffff\">Abogado<\/h5>\n\t\t\t\t\t\t\t\t\t<\/div>\n\t\t\t\t\t\t\t\t<div class=\"mkd-team-read-more\">\n\t\t\t\t\t\t\t<\/div>\n\t\t<\/div>\n\t<\/div>\n\t\t<div class=\"mkd-team-social-holder\">\n\t\t<div class=\"mkd-team-social\">\n\t\t\t<div class=\"mkd-team-social-inner\">\n\t\t\t\t<div class=\"mkd-team-social-wrapp clearfix\">\n\n\t\t\t\t\t\n\t\t\t\t<\/div>\n\t\t\t<\/div>\n\t\t<\/div>\n\t<\/div>\n\t<span class=\"mkd-team-triangle\"><\/span>\n<\/div>[vc_empty_space height=\u00bb23px\u00bb][\/vc_column][vc_column width=\u00bb1\/2&#8243;][vc_empty_space height=\u00bb23px\u00bb][vc_column_text]<\/p>\n<h1>Al mando<br \/>\n<span style=\"color: #c18f59;\"> abogados y economistas <\/span><br \/>\ndesde 1994<\/h1>\n<p>[\/vc_column_text]<div class=\"mkd-separator-holder clearfix  mkd-separator-center mkd-separator-with-icon mkd-animate\" style=\"margin-top: 20px; margin-bottom: 30px\">\n\t<div class=\"mkd-separator\" style=\"border-color: #c18f59;border-style: solid;width: 97.5px\"><\/div>\n\t\t<div class=\"mkd-separator-icon\">\n\t\t\t                    <img loading=\"lazy\" decoding=\"async\" width=\"34\" height=\"23\" src=\"https:\/\/aab-aa.com\/wp-content\/uploads\/2015\/11\/h1-separator-custom-icon-1.png\" class=\"attachment-full size-full\" alt=\"a\" \/>\t\t\t\t\t\t<\/div>\n\t<div class=\"mkd-separator\" style=\"border-color: #c18f59;border-style: solid;width: 97.5px\"><\/div>\n<\/div>\n[vc_column_text]<\/p>\n<p style=\"text-align: left;\">Licenciado en Derecho por la Universidad de Barcelona en el a\u00f1o 1989.<\/p>\n<p style=\"text-align: left;\">Colegiado n\u00famero 18.644 del Ilustre Colegio de Abogados de Barcelona desde 1991.<\/p>\n<p style=\"text-align: left;\">M\u00e1s de 20 a\u00f1os de experiencia en Derecho Mercantil y Societario y Derecho Internacional.<\/p>\n<p style=\"text-align: left;\">\u00c1reas de pr\u00e1ctica: Derecho Societario, \u00c1rea inmobiliaria, Construcci\u00f3n, Financiaci\u00f3n e Inversiones extranjeras.<\/p>\n<p style=\"text-align: left;\">Idiomas: Catal\u00e1n, Espa\u00f1ol e Ingl\u00e9s.<\/p>\n<p>[\/vc_column_text][\/vc_column][\/vc_row][vc_row content_width=\u00bbgrid\u00bb triangle_shape=\u00bbno\u00bb css=\u00bb.vc_custom_1579197456034{padding-top: 43px !important;padding-bottom: 80px !important;}\u00bb][vc_column]<div class=\"mkd-separator-holder clearfix  mkd-separator-center mkd-separator-with-icon mkd-animate\" style=\"margin-top: 20px; margin-bottom: 30px\">\n\t<div class=\"mkd-separator\" style=\"border-color: #c18f59;border-style: solid;width: 97.5px\"><\/div>\n\t\t<div class=\"mkd-separator-icon\">\n\t\t\t                    <img loading=\"lazy\" decoding=\"async\" width=\"34\" height=\"23\" src=\"https:\/\/aab-aa.com\/wp-content\/uploads\/2015\/11\/h1-separator-custom-icon-1.png\" class=\"attachment-full size-full\" alt=\"a\" \/>\t\t\t\t\t\t<\/div>\n\t<div class=\"mkd-separator\" style=\"border-color: #c18f59;border-style: solid;width: 97.5px\"><\/div>\n<\/div>\n[vc_column_text]<\/p>\n<h2 style=\"text-align: center;\">Proporciona servicios <span style=\"color: #c18f59;\"> en las siguientes \u00e1reas:<\/span><\/h2>\n<p>[\/vc_column_text][\/vc_column][\/vc_row][vc_row content_width=\u00bbgrid\u00bb content_aligment=\u00bbcenter\u00bb triangle_shape=\u00bbno\u00bb css=\u00bb.vc_custom_1591034331616{margin-top: 0px !important;border-top-width: 5px !important;padding-top: 55px !important;background-color: #353c4e !important;border-top-color: #c18f59 !important;border-top-style: solid !important;}\u00bb][vc_column width=\u00bb1\/2&#8243; offset=\u00bbvc_col-lg-3 vc_col-md-6&#8243;]<div class=\"mkd-interactive-image mkd-animate-image mkd-linked\">\n\t \n\t\t<a href=\"#\"><\/a>\n\t    <img loading=\"lazy\" decoding=\"async\" width=\"192\" height=\"192\" src=\"https:\/\/aab-aa.com\/wp-content\/uploads\/2015\/11\/aoc-round-img-1.jpg\" class=\"attachment-full size-full\" alt=\"a\" srcset=\"https:\/\/aab-aa.com\/wp-content\/uploads\/2015\/11\/aoc-round-img-1.jpg 192w, https:\/\/aab-aa.com\/wp-content\/uploads\/2015\/11\/aoc-round-img-1-100x100.jpg 100w, https:\/\/aab-aa.com\/wp-content\/uploads\/2015\/11\/aoc-round-img-1-150x150.jpg 150w\" sizes=\"auto, (max-width: 192px) 100vw, 192px\" \/>\t<\/div>\n[vc_empty_space height=\u00bb19px\u00bb][vc_column_text]<\/p>\n<h4><span style=\"color: #ffffff;\">Representante en la corte<\/span><\/h4>\n<p>[\/vc_column_text][vc_column_text]<\/p>\n<h5><span style=\"color: #ffffff;\">cualquier servicio <\/span><\/h5>\n<p>[\/vc_column_text][vc_empty_space height=\u00bb56px\u00bb][\/vc_column][vc_column width=\u00bb1\/2&#8243; offset=\u00bbvc_col-lg-3 vc_col-md-6&#8243;]<div class=\"mkd-interactive-image mkd-animate-image mkd-linked\">\n\t \n\t\t<a href=\"#\"><\/a>\n\t    <img loading=\"lazy\" decoding=\"async\" width=\"192\" height=\"192\" src=\"https:\/\/aab-aa.com\/wp-content\/uploads\/2015\/11\/aoc-round-img-2.jpg\" class=\"attachment-full size-full\" alt=\"a\" srcset=\"https:\/\/aab-aa.com\/wp-content\/uploads\/2015\/11\/aoc-round-img-2.jpg 192w, https:\/\/aab-aa.com\/wp-content\/uploads\/2015\/11\/aoc-round-img-2-100x100.jpg 100w, https:\/\/aab-aa.com\/wp-content\/uploads\/2015\/11\/aoc-round-img-2-150x150.jpg 150w\" sizes=\"auto, (max-width: 192px) 100vw, 192px\" \/>\t<\/div>\n[vc_empty_space height=\u00bb19px\u00bb][vc_column_text]<\/p>\n<h4><span style=\"color: #ffffff;\">Abogada de familia<\/span><\/h4>\n<p>[\/vc_column_text][vc_column_text]<\/p>\n<h5><span style=\"color: #ffffff;\">siempre en contacto<\/span><\/h5>\n<p>[\/vc_column_text][vc_empty_space height=\u00bb56px\u00bb][\/vc_column][vc_column width=\u00bb1\/2&#8243; offset=\u00bbvc_col-lg-3 vc_col-md-6&#8243;]<div class=\"mkd-interactive-image mkd-animate-image mkd-linked\">\n\t \n\t\t<a href=\"#\"><\/a>\n\t    <img loading=\"lazy\" decoding=\"async\" width=\"192\" height=\"192\" src=\"https:\/\/aab-aa.com\/wp-content\/uploads\/2015\/11\/aoc-round-img-3.jpg\" class=\"attachment-full size-full\" alt=\"a\" srcset=\"https:\/\/aab-aa.com\/wp-content\/uploads\/2015\/11\/aoc-round-img-3.jpg 192w, https:\/\/aab-aa.com\/wp-content\/uploads\/2015\/11\/aoc-round-img-3-100x100.jpg 100w, https:\/\/aab-aa.com\/wp-content\/uploads\/2015\/11\/aoc-round-img-3-150x150.jpg 150w\" sizes=\"auto, (max-width: 192px) 100vw, 192px\" \/>\t<\/div>\n[vc_empty_space height=\u00bb19px\u00bb][vc_column_text]<\/p>\n<h4><span style=\"color: #ffffff;\">Negociaciones comerciales<\/span><\/h4>\n<p>[\/vc_column_text][vc_column_text]<\/p>\n<h5><span style=\"color: #ffffff;\">beneficios y optimizaci\u00f3n<\/span><\/h5>\n<p>[\/vc_column_text][vc_empty_space height=\u00bb56px\u00bb][\/vc_column][vc_column width=\u00bb1\/2&#8243; offset=\u00bbvc_col-lg-3 vc_col-md-6&#8243;]<div class=\"mkd-interactive-image mkd-animate-image mkd-linked\">\n\t \n\t\t<a href=\"#\"><\/a>\n\t    <img loading=\"lazy\" decoding=\"async\" width=\"192\" height=\"192\" src=\"https:\/\/aab-aa.com\/wp-content\/uploads\/2015\/11\/aoc-round-img-4.jpg\" class=\"attachment-full size-full\" alt=\"a\" srcset=\"https:\/\/aab-aa.com\/wp-content\/uploads\/2015\/11\/aoc-round-img-4.jpg 192w, https:\/\/aab-aa.com\/wp-content\/uploads\/2015\/11\/aoc-round-img-4-100x100.jpg 100w, https:\/\/aab-aa.com\/wp-content\/uploads\/2015\/11\/aoc-round-img-4-150x150.jpg 150w\" sizes=\"auto, (max-width: 192px) 100vw, 192px\" \/>\t<\/div>\n[vc_empty_space height=\u00bb19px\u00bb][vc_column_text]<\/p>\n<h4><span style=\"color: #ffffff;\">Asistencia inmediata<\/span><\/h4>\n<p>[\/vc_column_text][vc_column_text]<\/p>\n<h5><span style=\"color: #ffffff;\">Nosotras estamos ah\u00ed cuando sea necesario<\/span><\/h5>\n<p>[\/vc_column_text][vc_empty_space height=\u00bb56px\u00bb][\/vc_column][\/vc_row][vc_row content_width=\u00bbgrid\u00bb triangle_shape=\u00bbno\u00bb][vc_column]\n\n\t<div class=\"mkd-call-to-action with-icon\" style=\"background-color: #ffffff\">\n\n\t\t\t\t\t<div class=\"mkd-call-to-action-row-66-33 clearfix\" style=\"padding: 2%;\">\n\t\t\n\t\t\t\t<div class=\"mkd-text-wrapper mkd-call-to-action-column1 mkd-call-to-action-cell\">\n\n\t\t\t\t\t\t\t\t\t<div class=\"mkd-call-to-action-icon-holder\">\n\t\t\t\t\t\t<div class=\"mkd-call-to-action-icon\">\n\t\t\t\t\t\t\t<div class=\"mkd-call-to-action-icon-inner\">\n\t\t\t\t\t\t\t\t<i class=\"mkd-icon-simple-line-icon icon-globe \" style=\"\" ><\/i>\t\t\t\t\t\t\t<\/div>\n\t\t\t\t\t\t<\/div>\n\t\t\t\t\t<\/div>\n\t\t\t\t\n\t\t\t\t\t<div class=\"mkd-call-to-action-text\" >\n\t\t\t\t\t\t<h3><span style=\"color: #222222;\">Si necesita asistencia legal de inmediato, llame y escriba<\/span><\/h3>\n\t\t\t\t\t<\/div>\n\n\t\t\t\t<\/div>\n\n\t\t\t\t\n\t\t\t\t\t<div class=\"mkd-button-wrapper mkd-call-to-action-column2 mkd-call-to-action-cell\" style =\"text-align: right ;\">\n\n\t\t\t\t\t\t<a href=\"https:\/\/aab-aa.com\/contacts\/\" target=\"_self\" style=\"background-color: #3e475d\" class=\"mkd-btn mkd-btn-medium mkd-btn-solid mkd-btn-icon\"  >    <span class=\"mkd-btn-text\"  >Cuenta tu problema<\/span><span class=\"mkd-btn-icon-holder\">            <span aria-hidden=\"true\" class=\"mkd-icon-font-elegant arrow_carrot-right mkd-btn-icon-elem\" ><\/span>            <span aria-hidden=\"true\" class=\"mkd-icon-font-elegant arrow_carrot-right mkd-btn-icon-elem\" ><\/span>        <\/span>    <\/a>\n\t\t\t\t\t<\/div>\n\n\t\t\t\t\n\t\t\t<\/div>\n\n\t\t\n\t<\/div>\n\n[\/vc_column][\/vc_row][vc_row content_width=\u00bbgrid\u00bb content_aligment=\u00bbcenter\u00bb triangle_shape=\u00bbno\u00bb css=\u00bb.vc_custom_1579197497874{padding-top: 47px !important;padding-bottom: 25px !important;background-image: url(https:\/\/aab-aa.com\/wp-content\/uploads\/2015\/11\/h-main-new-slide-2.jpg?id=2447) !important;background-position: center !important;background-repeat: no-repeat !important;background-size: cover !important;}\u00bb][vc_column]<div class=\"mkd-separator-holder clearfix  mkd-separator-center mkd-separator-with-icon mkd-animate\" style=\"margin-top: 0px; margin-bottom: 8px\">\n\t<div class=\"mkd-separator\" style=\"border-color: #ffffff;width: 7%\"><\/div>\n\t\t<div class=\"mkd-separator-icon\">\n\t\t\t                    \t\t\t\t\t\t<\/div>\n\t<div class=\"mkd-separator\" style=\"border-color: #ffffff;width: 7%\"><\/div>\n<\/div>\n<div class=\"mkd-elements-holder mkd-responsive-mode-768\" ><div class=\"mkd-elements-holder-item mkd-horizontal-alignment-center\" >\n\t<div class=\"mkd-elements-holder-item-inner\">\n\t\t<div class=\"mkd-elements-holder-item-content mkd-elements-holder-custom-860238\" style=\"padding: 0 25% 0 25%\">\n\t\t\t\t\t\t<style type=\"text\/css\" data-type=\"mkd-elements-custom-padding\" scoped>\n\t\t\t\t\t\t\t\t\t@media only screen and (min-width: 1024px) and (max-width: 1280px) {\n\t\t\t\t\t\t.mkd-elements-holder .mkd-elements-holder-item-content.mkd-elements-holder-custom-860238 {\n\t\t\t\t\t\t\tpadding: 0 18% 0 18% !important;\n\t\t\t\t\t\t}\n\t\t\t\t\t}\n\t\t\t\t\t\t\t\t\t\t\t\t@media only screen and (min-width: 768px) and (max-width: 1024px) {\n\t\t\t\t\t.mkd-elements-holder .mkd-elements-holder-item-content.mkd-elements-holder-custom-860238 {\n\t\t\t\t\t\tpadding: 0 18% 0 18% !important;\n\t\t\t\t\t}\n\t\t\t\t}\n\t\t\t\t\t\t\t\t\t\t\t\t@media only screen and (min-width: 600px) and (max-width: 768px) {\n\t\t\t\t\t.mkd-elements-holder .mkd-elements-holder-item-content.mkd-elements-holder-custom-860238 {\n\t\t\t\t\t\tpadding: 0 13% 0 13% !important;\n\t\t\t\t\t}\n\t\t\t\t}\n\t\t\t\t\t\t\t\t\t\t\t\t@media only screen and (min-width: 480px) and (max-width: 600px) {\n\t\t\t\t\t.mkd-elements-holder .mkd-elements-holder-item-content.mkd-elements-holder-custom-860238 {\n\t\t\t\t\t\tpadding: 0 7% 0 7% !important;\n\t\t\t\t\t}\n\t\t\t\t}\n\t\t\t\t\t\t\t\t\t\t\t\t@media only screen and (max-width: 480px) {\n\t\t\t\t\t.mkd-elements-holder .mkd-elements-holder-item-content.mkd-elements-holder-custom-860238 {\n\t\t\t\t\t\tpadding: 0 2% 0 2% !important;\n\t\t\t\t\t}\n\t\t\t\t}\n\t\t\t\t\t\t\t\t<\/style>\n\t\t\t\t\t\t<div class=\"mkd-counter-holder center\"  data-digit-size= 75>\n\t<div class=\"mkd-counter-number-holder\">\n\t\t\t\t\t\t<span class=\"mkd-counter zero\" style=\"color: #ffffff\">\n\t\t\t36\t\t<\/span>\n\t<\/div>\n\t\t\t<h4 class=\"mkd-counter-title\" style=\"color: #ffffff\" >Servicios implementados en 2019<\/h4>\n\t\t\t\t<p class=\"mkd-counter-text\" style=\"color: #ffffff\" >\u00a1Ayud\u00f3 a los clientes a resolver sus situaciones dif\u00edciles de la vida a favor del cliente!<\/p>\n\t\n<\/div>\t\t<\/div>\n\t<\/div>\n<\/div><\/div>[\/vc_column][\/vc_row]<\/p>\n","protected":false},"excerpt":{"rendered":"<p>[vc_row content_width=\u00bbgrid\u00bb content_aligment=\u00bbcenter\u00bb triangle_shape=\u00bbno\u00bb css=\u00bb.vc_custom_1591033112431{padding-top: 70px !important;padding-bottom: 10px !important;background-image: url(https:\/\/aab-aa.com\/wp-content\/uploads\/2020\/06\/albert-background.jpg?id=3356) !important;background-position: center !important;background-repeat: no-repeat !important;background-size: cover !important;}\u00bb][vc_column width=\u00bb1\/2&#8243;][vc_empty_space height=\u00bb23px\u00bb][\/vc_column][vc_column width=\u00bb1\/2&#8243;][vc_empty_space height=\u00bb23px\u00bb][vc_column_text] Al mando abogados y economistas desde 1994 [\/vc_column_text][vc_column_text] Licenciado en Derecho por la Universidad de Barcelona en el a\u00f1o 1989. Colegiado n\u00famero 18.644 del Ilustre Colegio de Abogados de Barcelona desde 1991. M\u00e1s de 20 a\u00f1os de experiencia en Derecho Mercantil y Societario y Derecho Internacional. \u00c1reas de pr\u00e1ctica: Derecho Societario, \u00c1rea inmobiliaria, Construcci\u00f3n, Financiaci\u00f3n e Inversiones extranjeras. Idiomas: Catal\u00e1n, Espa\u00f1ol e Ingl\u00e9s. [\/vc_column_text][\/vc_column][\/vc_row][vc_row content_width=\u00bbgrid\u00bb triangle_shape=\u00bbno\u00bb css=\u00bb.vc_custom_1579197456034{padding-top: 43px !important;padding-bottom: 80px !important;}\u00bb][vc_column][vc_column_text] Proporciona servicios en las siguientes \u00e1reas: [\/vc_column_text][\/vc_column][\/vc_row][vc_row content_width=\u00bbgrid\u00bb&#8230;<\/p>\n","protected":false},"author":1,"featured_media":0,"parent":695,"menu_order":0,"comment_status":"closed","ping_status":"closed","template":"full-width.php","meta":{"footnotes":""},"class_list":["post-3348","page","type-page","status-publish","hentry"],"_links":{"self":[{"href":"https:\/\/aab-aa.com\/es\/wp-json\/wp\/v2\/pages\/3348","targetHints":{"allow":["GET"]}}],"collection":[{"href":"https:\/\/aab-aa.com\/es\/wp-json\/wp\/v2\/pages"}],"about":[{"href":"https:\/\/aab-aa.com\/es\/wp-json\/wp\/v2\/types\/page"}],"author":[{"embeddable":true,"href":"https:\/\/aab-aa.com\/es\/wp-json\/wp\/v2\/users\/1"}],"replies":[{"embeddable":true,"href":"https:\/\/aab-aa.com\/es\/wp-json\/wp\/v2\/comments?post=3348"}],"version-history":[{"count":0,"href":"https:\/\/aab-aa.com\/es\/wp-json\/wp\/v2\/pages\/3348\/revisions"}],"up":[{"embeddable":true,"href":"https:\/\/aab-aa.com\/es\/wp-json\/wp\/v2\/pages\/695"}],"wp:attachment":[{"href":"https:\/\/aab-aa.com\/es\/wp-json\/wp\/v2\/media?parent=3348"}],"curies":[{"name":"wp","href":"https:\/\/api.w.org\/{rel}","templated":true}]}}