{"id":904,"date":"2020-01-11T10:08:43","date_gmt":"2020-01-11T07:08:43","guid":{"rendered":"http:\/\/libero.mikado-themes.com\/?page_id=904"},"modified":"2021-02-11T18:02:46","modified_gmt":"2021-02-11T15:02:46","slug":"faq","status":"publish","type":"page","link":"https:\/\/aab-aa.com\/es\/faq\/","title":{"rendered":"FAQ"},"content":{"rendered":"<p>[vc_row triangle_shape=\u00bbno\u00bb css=\u00bb.vc_custom_1447840032119{padding-bottom: 28px !important;}\u00bb][vc_column]\n\n\t<div class=\"mkd-call-to-action with-icon\" >\n\n\t\t\t\t\t<div class=\"mkd-call-to-action-row-66-33 clearfix\" style=\"padding: 2%;\">\n\t\t\n\t\t\t\t<div class=\"mkd-text-wrapper mkd-call-to-action-column1 mkd-call-to-action-cell\">\n\n\t\t\t\t\t\t\t\t\t<div class=\"mkd-call-to-action-icon-holder\">\n\t\t\t\t\t\t<div class=\"mkd-call-to-action-icon\">\n\t\t\t\t\t\t\t<div class=\"mkd-call-to-action-icon-inner\">\n\t\t\t\t\t\t\t\t<i class=\"mkd-icon-simple-line-icon icon-speech \" style=\"\" ><\/i>\t\t\t\t\t\t\t<\/div>\n\t\t\t\t\t\t<\/div>\n\t\t\t\t\t<\/div>\n\t\t\t\t\n\t\t\t\t\t<div class=\"mkd-call-to-action-text\" >\n\t\t\t\t\t\t<h3><span style=\"color: #222222;\">PREGUNTAS FRECUENTES<\/span><\/h3>\n\t\t\t\t\t<\/div>\n\n\t\t\t\t<\/div>\n\n\t\t\t\t\n\t\t\t\t\t<div class=\"mkd-button-wrapper mkd-call-to-action-column2 mkd-call-to-action-cell\" style =\"text-align: right ;\">\n\n\t\t\t\t\t\t<a href=\"#\" target=\"_self\" style=\"background-color: #3e475d\" class=\"mkd-btn mkd-btn-medium mkd-btn-solid mkd-btn-icon\"  >    <span class=\"mkd-btn-text\"  >Haz tu pregunta<\/span><span class=\"mkd-btn-icon-holder\">            <span aria-hidden=\"true\" class=\"mkd-icon-font-elegant arrow_carrot-right mkd-btn-icon-elem\" ><\/span>            <span aria-hidden=\"true\" class=\"mkd-icon-font-elegant arrow_carrot-right mkd-btn-icon-elem\" ><\/span>        <\/span>    <\/a>\n\t\t\t\t\t<\/div>\n\n\t\t\t\t\n\t\t\t<\/div>\n\n\t\t\n\t<\/div>\n\n[\/vc_column][\/vc_row][vc_row triangle_shape=\u00bbno\u00bb][vc_column]<div class=\"cq-accordion \" style=\"width:100%;\" data-displayfirst=\"\"><ul><li><input type=\"checkbox\" checked><i class=\"\"><\/i><h4 style=\"color:#474747;font-size:13px;padding:18px 0px 18px 0px;\">\u00bfPuedo obtener una autorizaci\u00f3n de residencia de inversor si estoy en Espa\u00f1a?<\/h4><div class=\"accordion-content\" style=\"background-color:;color:#828282;font-size:;\"><strong>Puede obtener su autorizaci\u00f3n de inversor de dos formas: <\/strong><br \/>\n1. Si se encuentra fuera de Espa\u00f1a puede solicitar en el consulado de su pa\u00eds de residencia visado de inversor, que le permitir\u00e1 residir en Espa\u00f1a hasta un a\u00f1o. Durante ese periodo podr\u00e1 solicitar la autorizaci\u00f3n de residencia de inversor.<br \/>\n2. Si ya se encuentra en Espa\u00f1a de forma regular (en una estancia de corta duraci\u00f3n o como titular de una autorizaci\u00f3n de estancia por estudios o de residencia) puede solicitar directamente la autorizaci\u00f3n de residencia ante la Unidad de Grandes Empresas, sin necesidad de tramitar previamente el visado de inversor.<\/div><\/li><li><input type=\"checkbox\" checked><i class=\"\"><\/i><h4 style=\"color:#474747;font-size:13px;padding:18px 0px 18px 0px;\">Si se solicita autorizaci\u00f3n de residencia para familiares, \u00bfes necesario invertir las cantidades que exige la Ley 14\/2013 (500.000 \u20ac en inmuebles, 1 mill\u00f3n en acciones, participaciones o dep\u00f3sitos) por cada uno de los familiares?<\/h4><div class=\"accordion-content\" style=\"background-color:;color:#828282;font-size:;\"><strong>No se requiere una inversi\u00f3n adicional por cada miembro de la familia. <\/strong><\/p>\n<p>Esa autorizaci\u00f3n depende de la del inversor y para obtenerla debe acreditar que cumple los requisitos generales, entre ellos, que el inversor dispone de recursos econ\u00f3micos para su familia, as\u00ed como el seguro m\u00e9dico correspondiente.<\/p>\n<p>A modo que por ejemplo, si un matrimonio adquiere un inmueble de 1.000.000 \u20ac, ambos c\u00f3nyuges podr\u00e1n obtener un visado de inversor. Si el inmueble tiene un valor de 500.000 \u20ac, el comprador podr\u00e1 obtener el visado de inversor y su c\u00f3nyuge como familiar.<\/div><\/li><li><input type=\"checkbox\" checked><i class=\"\"><\/i><h4 style=\"color:#474747;font-size:13px;padding:18px 0px 18px 0px;\">\u00bfPuede realizarse la inversi\u00f3n a trav\u00e9s de persona jur\u00eddica?<\/h4><div class=\"accordion-content\" style=\"background-color:;color:#828282;font-size:;\">Si, siempre y cuando est\u00e9 domiciliada en un territorio que no tenga la condici\u00f3n de para\u00edso fiscal conforme con la normativa espa\u00f1ola, si el solicitante debe tener la mayor\u00eda de sus derechos de voto y tener la facultad de nombrar y destituir a la mayor\u00eda de los miembros de su \u00f3rgano de administraci\u00f3n.<\/div><\/li><li><input type=\"checkbox\" checked><i class=\"\"><\/i><h4 style=\"color:#474747;font-size:13px;padding:18px 0px 18px 0px;\">\u00bfQu\u00e9 documentaci\u00f3n concreta tengo que presentar para obtener la autorizaci\u00f3n de residencia en Espa\u00f1a? <\/h4><div class=\"accordion-content\" style=\"background-color:;color:#828282;font-size:;\">Deben acreditarse los requisitos generales y los espec\u00edficos establecidos para cada tipo de autorizaci\u00f3n. Puede consultar el listado de la documentaci\u00f3n a presentar en este enlace seg\u00fan el tipo de la autorizaci\u00f3n:<\/p>\n<p><a href=\"http:\/\/extranjeros.inclusion.gob.es\/es\/InformacionInteres\/index.html\" target=\"_blank\" rel=\"noopener\">Sigue el link<\/a><\/div><\/li><li><input type=\"checkbox\" checked><i class=\"\"><\/i><h4 style=\"color:#474747;font-size:13px;padding:18px 0px 18px 0px;\">\u00bfLos titulares de un visado de inversi\u00f3n pueden entrar a cualquier Estado de la Uni\u00f3n Europea? \u00bfPueden hacerlo m\u00e1s de una vez?<\/h4><div class=\"accordion-content\" style=\"background-color:;color:#828282;font-size:;\">Los extranjeros titulares de un visado de larga duraci\u00f3n o de un permiso de residencia expedido por uno de los Estados miembros podr\u00e1n, al amparo de dicho permiso y de un documento de viaje v\u00e1lido, circular libremente durante tres meses como m\u00e1ximo, en cualquier per\u00edodo de seis meses, por el territorio de los dem\u00e1s Estados miembros.<\/div><\/li><li><input type=\"checkbox\" checked><i class=\"\"><\/i><h4 style=\"color:#474747;font-size:13px;padding:18px 0px 18px 0px;\">\u00bfQui\u00e9n es el solicitante de cada autorizaci\u00f3n y quien puede presentar la solicitud?<\/h4><div class=\"accordion-content\" style=\"background-color:;color:#828282;font-size:;\"><strong>El solicitante, seg\u00fan el tipo de autorizaci\u00f3n, puede ser:<\/strong><\/p>\n<p>Autorizaciones iniciales:<\/p>\n<ul>\n<li>En el caso de inversores y emprendedores, el propio extranjero<\/li>\n<li>En autorizaciones para profesionales altamente cualificados, investigadores o traslado intraempresarial, la empresa o entidad que requiere los servicios del extranjero<\/li>\n<\/ul>\n<p>En autorizaciones de familiares:<\/p>\n<ul>\n<li>Si la solicitud se presenta conjuntamente con la del titular, ser\u00e1 el titular ( en el caso de inversores y emprendedores ) o la empresa o entidad (en el caso de profesionales altamente clasificados, investigadores o traslado intraempresarial)<\/li>\n<li>Si la solicitud se presenta en otro momento podr\u00e1 ser uno de los anteriores o bien el propio familiar<\/li>\n<\/ul>\n<p>Las renovaciones se presentan por el propio extranjero titular de la autorizaci\u00f3n (los familiares solicitan la renovaci\u00f3n de su propia autorizaci\u00f3n)<\/p>\n<p>Las solicitudes las puede presentar el propio solicitante o a trav\u00e9s de un representante.<\/div><\/li><li><input type=\"checkbox\" checked><i class=\"\"><\/i><h4 style=\"color:#474747;font-size:13px;padding:18px 0px 18px 0px;\">\u00bfC\u00f3mo se tramita la Tarjeta de Identidad de Extranjero (TIE)?<\/h4><div class=\"accordion-content\" style=\"background-color:;color:#828282;font-size:;\">Los extranjeros a los que se haya expedido un visado de residencia al amparo de esta norma pueden permanecer en Espa\u00f1a por un periodo de un a\u00f1o autorizando la residencia de su titular en Espa\u00f1a sin necesidad de tramitar la tarjeta de identidad de extranjero.<\/p>\n<p>Sin embargo, quienes obtengan una autorizaci\u00f3n de residencia al amparo de la Ley 14\/2013 deber\u00e1n solicitar personalmente la tarjeta de identidad de extranjero. En la resoluci\u00f3n de concesi\u00f3n de la autorizaci\u00f3n se indica el procedimiento, documentaci\u00f3n y donde puede solicitarse.<\/div><\/li><li><input type=\"checkbox\" checked><i class=\"\"><\/i><h4 style=\"color:#474747;font-size:13px;padding:18px 0px 18px 0px;\">\u00bfTengo que presentar copias y originales?<\/h4><div class=\"accordion-content\" style=\"background-color:;color:#828282;font-size:;\">Cuando de presente la solicitud personalmente, debe llevar original y copia. Si lo presente en un registro p\u00fablico, debe llevar original y copia y remitir \u00fanicamente copia compulsada<\/div><\/li><li><input type=\"checkbox\" checked><i class=\"\"><\/i><h4 style=\"color:#474747;font-size:13px;padding:18px 0px 18px 0px;\">\u00bfD\u00f3nde puedo encontrar modelos de solicitudes?<\/h4><div class=\"accordion-content\" style=\"background-color:;color:#828282;font-size:;\">Encontrar\u00e1 los modelos de solicitud de autorizaci\u00f3n de residencia en este enlace:<\/p>\n<p><a href=\"http:\/\/extranjeros.inclusion.gob.es\/es\/ModelosSolicitudes\/ley_14_2013\/index.html\" target=\"_blank\" rel=\"noopener\">Sigue el link<\/a><\/div><\/li><li><input type=\"checkbox\" checked><i class=\"\"><\/i><h4 style=\"color:#474747;font-size:13px;padding:18px 0px 18px 0px;\">\u00bfPueden los familiares trabajar con su autorizaci\u00f3n de residencia?<\/h4><div class=\"accordion-content\" style=\"background-color:;color:#828282;font-size:;\">S\u00ed. La disposici\u00f3n adiciona cuarta de la Ley 14\/2013 establece que las autorizaciones de residencia autorizan a residir y trabajar (tanto por cuenta ajena como por cuenta propia).<\/div><\/li><li><input type=\"checkbox\" checked><i class=\"\"><\/i><h4 style=\"color:#474747;font-size:13px;padding:18px 0px 18px 0px;\">\u00bfQu\u00e9 se entiende por seguro p\u00fablico o privado?<\/h4><div class=\"accordion-content\" style=\"background-color:;color:#828282;font-size:;\">Durante su residencia en Espa\u00f1a el extranjero debe tener la cobertura, bien de la sanidad p\u00fablica o bien de la un seguro privado.<\/p>\n<p>No se exige acreditar seguro cuando existe la perspectiva de que el extranjero( as\u00ed como sus familiares ) va a ser asegurado del Sistema Nacional de Salud, por darse de alta en la Seguridad Social como consecuencia del contrato laboral o una relaci\u00f3n profesional.<\/p>\n<p>En el caso de los emprendedores, si no se va a poner en marcha la actividad con car\u00e1cter inmediato, se aceptan seguros con una vigencia limitada (por ejemplo seguros de viaje, que suelen tener una vigencia de tres meses).<\/p>\n<p>En el resto de casos debe contarse con un seguro p\u00fablico privado de enfermedad concretado con una Entidad aseguradora autorizada para operar en Espa\u00f1a, para una cobertura equivalente a la del Sistema Nacional de Salud y por la duraci\u00f3n de su autorizaci\u00f3n o al menos de un a\u00f1o prorrogable (no son v\u00e1lidos seguros de viaje).<\/div><\/li><li><input type=\"checkbox\" checked><i class=\"\"><\/i><h4 style=\"color:#474747;font-size:13px;padding:18px 0px 18px 0px;\">\u00bfC\u00f3mo puedo acreditar disponer de medios econ\u00f3micos?<\/h4><div class=\"accordion-content\" style=\"background-color:;color:#828282;font-size:;\">La ley no establece un importe econ\u00f3mico ni una documentaci\u00f3n concreta. Por lo tanto podr\u00e1 acreditar que dispone de medios econ\u00f3micos por cualquier medio de prueba admitido en Derecho. Por ejemplo, con la oferta de contrato de trabajo, n\u00f3minas, el saldo medio anual actualizado de cuentas bancarias, dep\u00f3sitos, etc.<\/div><\/li><li><input type=\"checkbox\" checked><i class=\"\"><\/i><h4 style=\"color:#474747;font-size:13px;padding:18px 0px 18px 0px;\">\u00bfEs necesario presentar los documentos extranjeros traducidos y legalizados?<\/h4><div class=\"accordion-content\" style=\"background-color:;color:#828282;font-size:;\">Todos los documentos deben estar traducidos al castellano. En el caso de documentos p\u00fablicos extranjeros deber\u00e1n, adem\u00e1s llevar la apostilla del Convenio de la Haya.<\/div><\/li><li><input type=\"checkbox\" checked><i class=\"\"><\/i><h4 style=\"color:#474747;font-size:13px;padding:18px 0px 18px 0px;\">\u00bfQu\u00e9 requisitos hay que cumplir para renovar la autorizaci\u00f3n?<\/h4><div class=\"accordion-content\" style=\"background-color:;color:#828282;font-size:;\">La autorizaci\u00f3n inicial y las renovaciones se conceder\u00e1n por dos a\u00f1os o por la duraci\u00f3n de la relaci\u00f3n laboral o profesional si no se trata de un contrato indefinido y su duraci\u00f3n es inferior. En el caso de inversores, la renovaci\u00f3n ser\u00e1 por periodos de cinco a\u00f1os.<\/p>\n<p>Para renovar la autorizaci\u00f3n hay que haber mantenido las condiciones que dieron origen a la autorizaci\u00f3n. Es decir:<\/p>\n<ul>\n<li>En el caso de inversores es necesario haber mantenido la inversi\u00f3n inicial<\/li>\n<li>En el caso de emprendedores debe haberse mantenido el proyecto en los t\u00e9rminos en los que se estim\u00f3 que era un proyecto de inter\u00e9s general<\/li>\n<li>En el caso de profesionales altamente cualificados, investigadores y traslado intraempresarial debe mantenerse la relaci\u00f3n laboral o profesional.<\/li>\n<li>En el caso de los familiares, podr\u00e1n renovar su autorizaci\u00f3n si el extranjero que les da derecho renueva la suya y se mantiene, en el caso de los ascendientes e hijos mayores de 18 a\u00f1os, la dependencia econ\u00f3mica.<\/li>\n<\/ul>\n<p><\/div><\/li><\/ul><\/div>[\/vc_column][\/vc_row][vc_row triangle_shape=\u00bbno\u00bb][vc_column][vc_empty_space][\/vc_column][\/vc_row]<\/p>\n","protected":false},"excerpt":{"rendered":"<p>[vc_row triangle_shape=\u00bbno\u00bb css=\u00bb.vc_custom_1447840032119{padding-bottom: 28px !important;}\u00bb][vc_column][\/vc_column][\/vc_row][vc_row triangle_shape=\u00bbno\u00bb][vc_column][\/vc_column][\/vc_row][vc_row triangle_shape=\u00bbno\u00bb][vc_column][vc_empty_space][\/vc_column][\/vc_row]<\/p>\n","protected":false},"author":1,"featured_media":0,"parent":0,"menu_order":0,"comment_status":"closed","ping_status":"closed","template":"","meta":{"footnotes":""},"class_list":["post-904","page","type-page","status-publish","hentry"],"_links":{"self":[{"href":"https:\/\/aab-aa.com\/es\/wp-json\/wp\/v2\/pages\/904","targetHints":{"allow":["GET"]}}],"collection":[{"href":"https:\/\/aab-aa.com\/es\/wp-json\/wp\/v2\/pages"}],"about":[{"href":"https:\/\/aab-aa.com\/es\/wp-json\/wp\/v2\/types\/page"}],"author":[{"embeddable":true,"href":"https:\/\/aab-aa.com\/es\/wp-json\/wp\/v2\/users\/1"}],"replies":[{"embeddable":true,"href":"https:\/\/aab-aa.com\/es\/wp-json\/wp\/v2\/comments?post=904"}],"version-history":[{"count":0,"href":"https:\/\/aab-aa.com\/es\/wp-json\/wp\/v2\/pages\/904\/revisions"}],"wp:attachment":[{"href":"https:\/\/aab-aa.com\/es\/wp-json\/wp\/v2\/media?parent=904"}],"curies":[{"name":"wp","href":"https:\/\/api.w.org\/{rel}","templated":true}]}}